{"id":2557,"date":"2025-06-18T09:36:12","date_gmt":"2025-06-18T07:36:12","guid":{"rendered":"https:\/\/miestoskalbykla.lt\/?page_id=2557"},"modified":"2025-06-18T09:44:07","modified_gmt":"2025-06-18T07:44:07","slug":"skalbykla-uab-skalba","status":"publish","type":"page","link":"https:\/\/miestoskalbykla.lt\/lt\/skalbykla-uab-skalba\/","title":{"rendered":"Skalbykla UAB \u201eSkalba\u201c"},"content":{"rendered":"<div data-elementor-type=\"wp-page\" data-elementor-id=\"2557\" class=\"elementor elementor-2557\" data-elementor-post-type=\"page\">\n\t\t\t\t<div class=\"elementor-element elementor-element-259c321 e-flex e-con-boxed e-con e-parent\" data-id=\"259c321\" data-element_type=\"container\" data-settings=\"{&quot;ekit_has_onepagescroll_dot&quot;:&quot;yes&quot;}\">\n\t\t\t\t\t<div class=\"e-con-inner\">\n\t\t<div class=\"elementor-element elementor-element-980ffd8 e-con-full e-flex e-con e-child\" data-id=\"980ffd8\" data-element_type=\"container\" data-settings=\"{&quot;ekit_has_onepagescroll_dot&quot;:&quot;yes&quot;}\">\n\t\t\t\t<div class=\"elementor-element elementor-element-886aee7 elementor-widget elementor-widget-text-editor\" data-id=\"886aee7\" data-element_type=\"widget\" data-settings=\"{&quot;ekit_we_effect_on&quot;:&quot;none&quot;}\" data-widget_type=\"text-editor.default\">\n\t\t\t\t<div class=\"elementor-widget-container\">\n\t\t\t\t\t\t\t\t\t<p>Bendrov\u0117s atliekama veikla: vis\u0173 r\u016b\u0161i\u0173 skalbini\u0173 skalbimas, pagalvi\u0173 p\u016bk\u0173 valymas, cheminio r\u016bb\u0173 valymo paslaugos. Skalbimas atliekamas tik profesionaliomis skalbimo, balinimo ir dezinfekcijos priemon\u0117mis<\/p>\t\t\t\t\t\t\t\t<\/div>\n\t\t\t\t<\/div>\n\t\t\t\t<\/div>\n\t\t<div class=\"elementor-element elementor-element-c6467db e-con-full e-flex e-con e-child\" data-id=\"c6467db\" data-element_type=\"container\" data-settings=\"{&quot;ekit_has_onepagescroll_dot&quot;:&quot;yes&quot;}\">\n\t\t\t\t<div class=\"elementor-element elementor-element-52fb89e elementor-widget elementor-widget-heading\" data-id=\"52fb89e\" data-element_type=\"widget\" data-settings=\"{&quot;ekit_we_effect_on&quot;:&quot;none&quot;}\" data-widget_type=\"heading.default\">\n\t\t\t\t<div class=\"elementor-widget-container\">\n\t\t\t\t\t<h2 class=\"elementor-heading-title elementor-size-default\">UAB \u201eSkalba\u201c<\/h2>\t\t\t\t<\/div>\n\t\t\t\t<\/div>\n\t\t\t\t<\/div>\n\t\t\t\t\t<\/div>\n\t\t\t\t<\/div>\n\t\t<div class=\"elementor-element elementor-element-92712f6 e-flex e-con-boxed e-con e-parent\" data-id=\"92712f6\" data-element_type=\"container\" data-settings=\"{&quot;ekit_has_onepagescroll_dot&quot;:&quot;yes&quot;}\">\n\t\t\t\t\t<div class=\"e-con-inner\">\n\t\t\t\t<div class=\"elementor-element elementor-element-9f61b03 elementor-widget elementor-widget-text-editor\" data-id=\"9f61b03\" data-element_type=\"widget\" data-settings=\"{&quot;ekit_we_effect_on&quot;:&quot;none&quot;}\" data-widget_type=\"text-editor.default\">\n\t\t\t\t<div class=\"elementor-widget-container\">\n\t\t\t\t\t\t\t\t\t<h3 data-start=\"1331\" data-end=\"1355\"><strong data-start=\"1335\" data-end=\"1353\">M\u016bs\u0173 paslaugos<\/strong><\/h3>\t\t\t\t\t\t\t\t<\/div>\n\t\t\t\t<\/div>\n\t\t<div class=\"elementor-element elementor-element-b51f448 e-grid e-con-full e-con e-child\" data-id=\"b51f448\" data-element_type=\"container\" data-settings=\"{&quot;ekit_has_onepagescroll_dot&quot;:&quot;yes&quot;}\">\n\t\t\t\t<div class=\"elementor-element elementor-element-2c51615 elementor-view-default elementor-position-top elementor-mobile-position-top elementor-widget elementor-widget-icon-box\" data-id=\"2c51615\" data-element_type=\"widget\" data-settings=\"{&quot;ekit_we_effect_on&quot;:&quot;none&quot;}\" data-widget_type=\"icon-box.default\">\n\t\t\t\t<div class=\"elementor-widget-container\">\n\t\t\t\t\t\t\t<div class=\"elementor-icon-box-wrapper\">\n\n\t\t\t\t\t\t<div class=\"elementor-icon-box-icon\">\n\t\t\t\t<span  class=\"elementor-icon\">\n\t\t\t\t<svg aria-hidden=\"true\" class=\"e-font-icon-svg e-fas-star\" viewbox=\"0 0 576 512\" xmlns=\"http:\/\/www.w3.org\/2000\/svg\"><path d=\"M259.3 17.8L194 150.2 47.9 171.5c-26.2 3.8-36.7 36.1-17.7 54.6l105.7 103-25 145.5c-4.5 26.3 23.2 46 46.4 33.7L288 439.6l130.7 68.7c23.2 12.2 50.9-7.4 46.4-33.7l-25-145.5 105.7-103c19-18.5 8.5-50.8-17.7-54.6L382 150.2 316.7 17.8c-11.7-23.6-45.6-23.9-57.4 0z\"><\/path><\/svg>\t\t\t\t<\/span>\n\t\t\t<\/div>\n\t\t\t\n\t\t\t\t\t\t<div class=\"elementor-icon-box-content\">\n\n\t\t\t\t\t\t\t\t\t<h3 class=\"elementor-icon-box-title\">\n\t\t\t\t\t\t<span  >\n\t\t\t\t\t\t\tSausas valymas\t\t\t\t\t\t<\/span>\n\t\t\t\t\t<\/h3>\n\t\t\t\t\n\t\t\t\t\t\t\t\t\t<p class=\"elementor-icon-box-description\">\n\t\t\t\t\t\tLorem ipsum dolor sit amet, consectetur adipiscing elit. Ut elit tellus, luctus nec ullamcorper mattis, pulvinar dapibus leo.\t\t\t\t\t<\/p>\n\t\t\t\t\n\t\t\t<\/div>\n\t\t\t\n\t\t<\/div>\n\t\t\t\t\t\t<\/div>\n\t\t\t\t<\/div>\n\t\t\t\t<div class=\"elementor-element elementor-element-2514c19 elementor-view-default elementor-position-top elementor-mobile-position-top elementor-widget elementor-widget-icon-box\" data-id=\"2514c19\" data-element_type=\"widget\" data-settings=\"{&quot;ekit_we_effect_on&quot;:&quot;none&quot;}\" data-widget_type=\"icon-box.default\">\n\t\t\t\t<div class=\"elementor-widget-container\">\n\t\t\t\t\t\t\t<div class=\"elementor-icon-box-wrapper\">\n\n\t\t\t\t\t\t<div class=\"elementor-icon-box-icon\">\n\t\t\t\t<span  class=\"elementor-icon\">\n\t\t\t\t<svg aria-hidden=\"true\" class=\"e-font-icon-svg e-fas-star\" viewbox=\"0 0 576 512\" xmlns=\"http:\/\/www.w3.org\/2000\/svg\"><path d=\"M259.3 17.8L194 150.2 47.9 171.5c-26.2 3.8-36.7 36.1-17.7 54.6l105.7 103-25 145.5c-4.5 26.3 23.2 46 46.4 33.7L288 439.6l130.7 68.7c23.2 12.2 50.9-7.4 46.4-33.7l-25-145.5 105.7-103c19-18.5 8.5-50.8-17.7-54.6L382 150.2 316.7 17.8c-11.7-23.6-45.6-23.9-57.4 0z\"><\/path><\/svg>\t\t\t\t<\/span>\n\t\t\t<\/div>\n\t\t\t\n\t\t\t\t\t\t<div class=\"elementor-icon-box-content\">\n\n\t\t\t\t\t\t\t\t\t<h3 class=\"elementor-icon-box-title\">\n\t\t\t\t\t\t<span  >\n\t\t\t\t\t\t\tAvalyn\u0117s valymas\t\t\t\t\t\t<\/span>\n\t\t\t\t\t<\/h3>\n\t\t\t\t\n\t\t\t\t\t\t\t\t\t<p class=\"elementor-icon-box-description\">\n\t\t\t\t\t\tLorem ipsum dolor sit amet, consectetur adipiscing elit. Ut elit tellus, luctus nec ullamcorper mattis, pulvinar dapibus leo.\t\t\t\t\t<\/p>\n\t\t\t\t\n\t\t\t<\/div>\n\t\t\t\n\t\t<\/div>\n\t\t\t\t\t\t<\/div>\n\t\t\t\t<\/div>\n\t\t\t\t<div class=\"elementor-element elementor-element-55b2396 elementor-view-default elementor-position-top elementor-mobile-position-top elementor-widget elementor-widget-icon-box\" data-id=\"55b2396\" data-element_type=\"widget\" data-settings=\"{&quot;ekit_we_effect_on&quot;:&quot;none&quot;}\" data-widget_type=\"icon-box.default\">\n\t\t\t\t<div class=\"elementor-widget-container\">\n\t\t\t\t\t\t\t<div class=\"elementor-icon-box-wrapper\">\n\n\t\t\t\t\t\t<div class=\"elementor-icon-box-icon\">\n\t\t\t\t<span  class=\"elementor-icon\">\n\t\t\t\t<svg aria-hidden=\"true\" class=\"e-font-icon-svg e-fas-star\" viewbox=\"0 0 576 512\" xmlns=\"http:\/\/www.w3.org\/2000\/svg\"><path d=\"M259.3 17.8L194 150.2 47.9 171.5c-26.2 3.8-36.7 36.1-17.7 54.6l105.7 103-25 145.5c-4.5 26.3 23.2 46 46.4 33.7L288 439.6l130.7 68.7c23.2 12.2 50.9-7.4 46.4-33.7l-25-145.5 105.7-103c19-18.5 8.5-50.8-17.7-54.6L382 150.2 316.7 17.8c-11.7-23.6-45.6-23.9-57.4 0z\"><\/path><\/svg>\t\t\t\t<\/span>\n\t\t\t<\/div>\n\t\t\t\n\t\t\t\t\t\t<div class=\"elementor-icon-box-content\">\n\n\t\t\t\t\t\t\t\t\t<h3 class=\"elementor-icon-box-title\">\n\t\t\t\t\t\t<span  >\n\t\t\t\t\t\t\tDrabu\u017ei\u0173 valymas\t\t\t\t\t\t<\/span>\n\t\t\t\t\t<\/h3>\n\t\t\t\t\n\t\t\t\t\t\t\t\t\t<p class=\"elementor-icon-box-description\">\n\t\t\t\t\t\tLorem ipsum dolor sit amet, consectetur adipiscing elit. Ut elit tellus, luctus nec ullamcorper mattis, pulvinar dapibus leo.\t\t\t\t\t<\/p>\n\t\t\t\t\n\t\t\t<\/div>\n\t\t\t\n\t\t<\/div>\n\t\t\t\t\t\t<\/div>\n\t\t\t\t<\/div>\n\t\t\t\t<div class=\"elementor-element elementor-element-4f62fe2 elementor-view-default elementor-position-top elementor-mobile-position-top elementor-widget elementor-widget-icon-box\" data-id=\"4f62fe2\" data-element_type=\"widget\" data-settings=\"{&quot;ekit_we_effect_on&quot;:&quot;none&quot;}\" data-widget_type=\"icon-box.default\">\n\t\t\t\t<div class=\"elementor-widget-container\">\n\t\t\t\t\t\t\t<div class=\"elementor-icon-box-wrapper\">\n\n\t\t\t\t\t\t<div class=\"elementor-icon-box-icon\">\n\t\t\t\t<span  class=\"elementor-icon\">\n\t\t\t\t<svg aria-hidden=\"true\" class=\"e-font-icon-svg e-fas-star\" viewbox=\"0 0 576 512\" xmlns=\"http:\/\/www.w3.org\/2000\/svg\"><path d=\"M259.3 17.8L194 150.2 47.9 171.5c-26.2 3.8-36.7 36.1-17.7 54.6l105.7 103-25 145.5c-4.5 26.3 23.2 46 46.4 33.7L288 439.6l130.7 68.7c23.2 12.2 50.9-7.4 46.4-33.7l-25-145.5 105.7-103c19-18.5 8.5-50.8-17.7-54.6L382 150.2 316.7 17.8c-11.7-23.6-45.6-23.9-57.4 0z\"><\/path><\/svg>\t\t\t\t<\/span>\n\t\t\t<\/div>\n\t\t\t\n\t\t\t\t\t\t<div class=\"elementor-icon-box-content\">\n\n\t\t\t\t\t\t\t\t\t<h3 class=\"elementor-icon-box-title\">\n\t\t\t\t\t\t<span  >\n\t\t\t\t\t\t\tDrabu\u017ei\u0173 valymas\t\t\t\t\t\t<\/span>\n\t\t\t\t\t<\/h3>\n\t\t\t\t\n\t\t\t\t\t\t\t\t\t<p class=\"elementor-icon-box-description\">\n\t\t\t\t\t\tLorem ipsum dolor sit amet, consectetur adipiscing elit. Ut elit tellus, luctus nec ullamcorper mattis, pulvinar dapibus leo.\t\t\t\t\t<\/p>\n\t\t\t\t\n\t\t\t<\/div>\n\t\t\t\n\t\t<\/div>\n\t\t\t\t\t\t<\/div>\n\t\t\t\t<\/div>\n\t\t\t\t<\/div>\n\t\t\t\t\t<\/div>\n\t\t\t\t<\/div>\n\t\t<div class=\"elementor-element elementor-element-d58d7f7 e-flex e-con-boxed e-con e-parent\" data-id=\"d58d7f7\" data-element_type=\"container\" data-settings=\"{&quot;ekit_has_onepagescroll_dot&quot;:&quot;yes&quot;}\">\n\t\t\t\t\t<div class=\"e-con-inner\">\n\t\t\t\t<div class=\"elementor-element elementor-element-981c00c elementor-widget elementor-widget-text-editor\" data-id=\"981c00c\" data-element_type=\"widget\" data-settings=\"{&quot;ekit_we_effect_on&quot;:&quot;none&quot;}\" data-widget_type=\"text-editor.default\">\n\t\t\t\t<div class=\"elementor-widget-container\">\n\t\t\t\t\t\t\t\t\t<h3 data-start=\"1331\" data-end=\"1355\"><strong data-start=\"1335\" data-end=\"1353\">M\u016bs\u0173 filialai<\/strong><\/h3>\t\t\t\t\t\t\t\t<\/div>\n\t\t\t\t<\/div>\n\t\t\t\t<div class=\"elementor-element elementor-element-6c8e6df elementor-widget elementor-widget-shortcode\" data-id=\"6c8e6df\" data-element_type=\"widget\" data-settings=\"{&quot;ekit_we_effect_on&quot;:&quot;none&quot;}\" data-widget_type=\"shortcode.default\">\n\t\t\t\t<div class=\"elementor-widget-container\">\n\t\t\t\t\t\t\t<div class=\"elementor-shortcode\">\n    <div class=\"elementor-element elementor-widget elementor-widget-listee-taxonomy-grid2 short_code\">\n        <div class=\"elementor-widget-container\">\n            <div class=\"row\">\n\n                \n                <div class=\"col-lg-3 col-md-4 col-sm-6 aos aos-init aos-animate\" data-aos=\"fade-up\">\n                    <div class=\"category-inner\">\n                        <!-- <div class=\"category-img-two\">\n                            <img decoding=\"async\" src=\"\/wp-content\/uploads\/default.svg\" class=\"img-fluid\" alt=\"Skalbykla UAB \u201eSkalba\u201c\">\n                        <\/div> -->\n                        <div class=\"category-content\">\n                            <a href=\"https:\/\/miestoskalbykla.lt\/lt\/skalbykla\/skalbykla-uab-skalba\/\"><h4>Skalbykla UAB \u201eSkalba\u201c<\/h4><\/a>\n                                                            <p class=\"listing-address\">Muziejaus g. 14A-3, Tel\u0161iai<\/p>\n                                                    <\/div>\n                    <\/div>\n                <\/div>\n\n                \n            <\/div>\n            <div class=\"clearfix\"><\/div>\n        <\/div>\n    <\/div>\n\n    <\/div>\n\t\t\t\t\t\t<\/div>\n\t\t\t\t<\/div>\n\t\t\t\t\t<\/div>\n\t\t\t\t<\/div>\n\t\t<div class=\"elementor-element elementor-element-b6339ad e-flex e-con-boxed e-con e-parent\" data-id=\"b6339ad\" data-element_type=\"container\" data-settings=\"{&quot;ekit_has_onepagescroll_dot&quot;:&quot;yes&quot;}\">\n\t\t\t\t\t<div class=\"e-con-inner\">\n\t\t\t\t<div class=\"elementor-element elementor-element-d5d3c61 elementor-widget elementor-widget-text-editor\" data-id=\"d5d3c61\" data-element_type=\"widget\" data-settings=\"{&quot;ekit_we_effect_on&quot;:&quot;none&quot;}\" data-widget_type=\"text-editor.default\">\n\t\t\t\t<div class=\"elementor-widget-container\">\n\t\t\t\t\t\t\t\t\t<h3 data-start=\"1331\" data-end=\"1355\"><strong data-start=\"1335\" data-end=\"1353\">Susisiekti su skalbykla<\/strong><\/h3>\t\t\t\t\t\t\t\t<\/div>\n\t\t\t\t<\/div>\n\t\t<div class=\"elementor-element elementor-element-db98a8f e-con-full e-flex e-con e-child\" data-id=\"db98a8f\" data-element_type=\"container\" data-settings=\"{&quot;ekit_has_onepagescroll_dot&quot;:&quot;yes&quot;}\">\n\t\t\t\t<div class=\"elementor-element elementor-element-8b48b07 elementor-widget__width-initial elementor-widget elementor-widget-text-editor\" data-id=\"8b48b07\" data-element_type=\"widget\" data-settings=\"{&quot;ekit_we_effect_on&quot;:&quot;none&quot;}\" data-widget_type=\"text-editor.default\">\n\t\t\t\t<div class=\"elementor-widget-container\">\n\t\t\t\t\t\t\t\t\t<p>UAB &#8220;Skalba&#8221;<\/p><p>\u012emon\u0117s kodas: 302702667<\/p><p>PVM mok. kodas: LT100006582012<\/p><p>Tel. nr.: <a href=\"tel:+37044460697\">+370 444 60697<\/a><\/p><p><a href=\"https:\/\/www.facebook.com\/skalbimas\/?locale=lt_LT\">Sekite skalbykl\u0105 Facebook<\/a><\/p>\t\t\t\t\t\t\t\t<\/div>\n\t\t\t\t<\/div>\n\t\t\t\t<div class=\"elementor-element elementor-element-19d5c8a elementor-widget__width-initial elementor-widget elementor-widget-elementskit-contact-form7\" data-id=\"19d5c8a\" data-element_type=\"widget\" data-settings=\"{&quot;ekit_we_effect_on&quot;:&quot;none&quot;}\" data-widget_type=\"elementskit-contact-form7.default\">\n\t\t\t\t<div class=\"elementor-widget-container\">\n\t\t\t\t\t<div class=\"ekit-wid-con\" ><div class=\"ekit-form\">\n<div class=\"wpcf7 no-js\" id=\"wpcf7-f724-p2557-o1\" lang=\"en-US\" dir=\"ltr\" data-wpcf7-id=\"724\">\n<div class=\"screen-reader-response\"><p role=\"status\" aria-live=\"polite\" aria-atomic=\"true\"><\/p> <ul><\/ul><\/div>\n<form action=\"\/lt\/skalbykla-uab-skalba\/#wpcf7-f724-p2557-o1\" method=\"post\" class=\"wpcf7-form init\" aria-label=\"Contact form\" novalidate=\"novalidate\" data-status=\"init\" data-no-translation-aria-label=\"\" data-trp-original-action=\"\/lt\/skalbykla-uab-skalba\/#wpcf7-f724-p2557-o1\">\n<div style=\"display: none;\">\n<input type=\"hidden\" name=\"_wpcf7\" value=\"724\" \/>\n<input type=\"hidden\" name=\"_wpcf7_version\" value=\"6.0.4\" \/>\n<input type=\"hidden\" name=\"_wpcf7_locale\" value=\"en_US\" \/>\n<input type=\"hidden\" name=\"_wpcf7_unit_tag\" value=\"wpcf7-f724-p2557-o1\" \/>\n<input type=\"hidden\" name=\"_wpcf7_container_post\" value=\"2557\" \/>\n<input type=\"hidden\" name=\"_wpcf7_posted_data_hash\" value=\"\" \/>\n<input type=\"hidden\" name=\"_wpcf7dtx_version\" value=\"5.0.3\" \/>\n<\/div>\n<div class=\"form-group\">\n<span class=\"wpcf7-form-control-wrap\" data-name=\"your-name\"><input size=\"40\" maxlength=\"400\" class=\"wpcf7-form-control wpcf7-text wpcf7-validates-as-required form-control\" aria-required=\"true\" aria-invalid=\"false\" placeholder=\"Vardas*\" value=\"\" type=\"text\" name=\"your-name\" \/><\/span>\n  <\/div>\n <div class=\"form-group me-0\">\n<span class=\"wpcf7-form-control-wrap\" data-name=\"your-email\"><input size=\"40\" maxlength=\"400\" class=\"wpcf7-form-control wpcf7-email wpcf7-validates-as-required wpcf7-text wpcf7-validates-as-email form-control\" aria-required=\"true\" aria-invalid=\"false\" placeholder=\"El. pa\u0161tas*\" value=\"\" type=\"email\" name=\"your-email\" \/><\/span>\n <\/div>\n<div class=\"form-group\">\n<span class=\"wpcf7-form-control-wrap\" data-name=\"your-message\"><textarea cols=\"40\" rows=\"10\" maxlength=\"2000\" class=\"wpcf7-form-control wpcf7-textarea wpcf7-validates-as-required form-control\" aria-required=\"true\" aria-invalid=\"false\" placeholder=\"J\u016bs\u0173 \u017einut\u0117*\" name=\"your-message\"><\/textarea><\/span>\n\n<\/div>\n<div class=\"submit-section\"><input class=\"wpcf7-form-control wpcf7-submit has-spinner btn btn-primary submit-btn\" type=\"submit\" value=\"Si\u0173sti\" \/><\/div><div class=\"wpcf7-response-output\" aria-hidden=\"true\"><\/div>\n<input type=\"hidden\" name=\"trp-form-language\" value=\"lt\"\/><\/form>\n<\/div>\n<\/div><\/div>\t\t\t\t<\/div>\n\t\t\t\t<\/div>\n\t\t\t\t<\/div>\n\t\t\t\t\t<\/div>\n\t\t\t\t<\/div>\n\t\t\t\t<\/div>","protected":false},"excerpt":{"rendered":"<p>Bendrov\u0117s atliekama veikla: vis\u0173 r\u016b\u0161i\u0173 skalbini\u0173 skalbimas, pagalvi\u0173 p\u016bk\u0173 valymas, cheminio r\u016bb\u0173 valymo paslaugos. Skalbimas atliekamas tik profesionaliomis skalbimo, balinimo ir dezinfekcijos priemon\u0117mis UAB \u201eSkalba\u201c M\u016bs\u0173 paslaugos Sausas valymas Lorem ipsum dolor sit amet, consectetur adipiscing elit. Ut elit tellus, luctus nec ullamcorper mattis, pulvinar dapibus leo. Avalyn\u0117s valymas Lorem ipsum dolor sit amet, consectetur [&hellip;]<\/p>","protected":false},"author":1,"featured_media":0,"parent":0,"menu_order":0,"comment_status":"closed","ping_status":"closed","template":"","meta":{"footnotes":""},"class_list":["post-2557","page","type-page","status-publish","hentry"],"yoast_head":"<!-- This site is optimized with the Yoast SEO plugin v24.9 - https:\/\/yoast.com\/wordpress\/plugins\/seo\/ -->\n<title>Skalbykla UAB \u201eSkalba\u201c - Miesto skalbykla<\/title>\n<meta name=\"description\" content=\"\u201eBaltic Swan\u201c \u2013 savitarnos skalbykla Panev\u0117\u017eyje, si\u016blanti profesionalias skalbimo, cheminio valymo, kilim\u0173 ir drabu\u017ei\u0173 prie\u017ei\u016bros paslaugas vie\u0161bu\u010diams, \u012fmon\u0117ms ir privatiems klientams.\" \/>\n<meta name=\"robots\" content=\"index, follow, max-snippet:-1, max-image-preview:large, max-video-preview:-1\" \/>\n<link rel=\"canonical\" href=\"https:\/\/miestoskalbykla.lt\/lt\/skalbykla-uab-skalba\/\" \/>\n<meta property=\"og:locale\" content=\"lt_LT\" \/>\n<meta property=\"og:type\" content=\"article\" \/>\n<meta property=\"og:title\" content=\"Skalbykla UAB \u201eSkalba\u201c - Miesto skalbykla\" \/>\n<meta property=\"og:description\" content=\"\u201eBaltic Swan\u201c \u2013 savitarnos skalbykla Panev\u0117\u017eyje, si\u016blanti profesionalias skalbimo, cheminio valymo, kilim\u0173 ir drabu\u017ei\u0173 prie\u017ei\u016bros paslaugas vie\u0161bu\u010diams, \u012fmon\u0117ms ir privatiems klientams.\" \/>\n<meta property=\"og:url\" content=\"https:\/\/miestoskalbykla.lt\/lt\/skalbykla-uab-skalba\/\" \/>\n<meta property=\"og:site_name\" content=\"Miesto skalbykla\" \/>\n<meta property=\"article:modified_time\" content=\"2025-06-18T07:44:07+00:00\" \/>\n<meta name=\"twitter:card\" content=\"summary_large_image\" \/>\n<meta name=\"twitter:label1\" content=\"Est. reading time\" \/>\n\t<meta name=\"twitter:data1\" content=\"1 minut\u0117\" \/>\n<script type=\"application\/ld+json\" class=\"yoast-schema-graph\">{\"@context\":\"https:\/\/schema.org\",\"@graph\":[{\"@type\":\"WebPage\",\"@id\":\"https:\/\/miestoskalbykla.lt\/skalbykla-uab-skalba\/\",\"url\":\"https:\/\/miestoskalbykla.lt\/skalbykla-uab-skalba\/\",\"name\":\"Skalbykla UAB \u201eSkalba\u201c - Miesto skalbykla\",\"isPartOf\":{\"@id\":\"https:\/\/miestoskalbykla.lt\/#website\"},\"datePublished\":\"2025-06-18T07:36:12+00:00\",\"dateModified\":\"2025-06-18T07:44:07+00:00\",\"description\":\"\u201eBaltic Swan\u201c \u2013 savitarnos skalbykla Panev\u0117\u017eyje, si\u016blanti profesionalias skalbimo, cheminio valymo, kilim\u0173 ir drabu\u017ei\u0173 prie\u017ei\u016bros paslaugas vie\u0161bu\u010diams, \u012fmon\u0117ms ir privatiems klientams.\",\"breadcrumb\":{\"@id\":\"https:\/\/miestoskalbykla.lt\/skalbykla-uab-skalba\/#breadcrumb\"},\"inLanguage\":\"lt-LT\",\"potentialAction\":[{\"@type\":\"ReadAction\",\"target\":[\"https:\/\/miestoskalbykla.lt\/skalbykla-uab-skalba\/\"]}]},{\"@type\":\"BreadcrumbList\",\"@id\":\"https:\/\/miestoskalbykla.lt\/skalbykla-uab-skalba\/#breadcrumb\",\"itemListElement\":[{\"@type\":\"ListItem\",\"position\":1,\"name\":\"Home\",\"item\":\"https:\/\/miestoskalbykla.lt\/\"},{\"@type\":\"ListItem\",\"position\":2,\"name\":\"Skalbykla UAB \u201eSkalba\u201c\"}]},{\"@type\":\"WebSite\",\"@id\":\"https:\/\/miestoskalbykla.lt\/#website\",\"url\":\"https:\/\/miestoskalbykla.lt\/\",\"name\":\"Miesto skalbykla\",\"description\":\"Miesto skalbyklos Lietuvoje\",\"publisher\":{\"@id\":\"https:\/\/miestoskalbykla.lt\/#organization\"},\"alternateName\":\"Miestoskalbykla.lt\",\"potentialAction\":[{\"@type\":\"SearchAction\",\"target\":{\"@type\":\"EntryPoint\",\"urlTemplate\":\"https:\/\/miestoskalbykla.lt\/?s={search_term_string}\"},\"query-input\":{\"@type\":\"PropertyValueSpecification\",\"valueRequired\":true,\"valueName\":\"search_term_string\"}}],\"inLanguage\":\"lt-LT\"},{\"@type\":\"Organization\",\"@id\":\"https:\/\/miestoskalbykla.lt\/#organization\",\"name\":\"Miesto skalbykla\",\"url\":\"https:\/\/miestoskalbykla.lt\/\",\"logo\":{\"@type\":\"ImageObject\",\"inLanguage\":\"lt-LT\",\"@id\":\"https:\/\/miestoskalbykla.lt\/#\/schema\/logo\/image\/\",\"url\":\"https:\/\/miestoskalbykla.lt\/wp-content\/uploads\/2025\/05\/Black-Simple-Cleaning-Service-Logo.png\",\"contentUrl\":\"https:\/\/miestoskalbykla.lt\/wp-content\/uploads\/2025\/05\/Black-Simple-Cleaning-Service-Logo.png\",\"width\":354,\"height\":25,\"caption\":\"Miesto skalbykla\"},\"image\":{\"@id\":\"https:\/\/miestoskalbykla.lt\/#\/schema\/logo\/image\/\"}}]}<\/script>\n<!-- \/ Yoast SEO plugin. -->","yoast_head_json":{"title":"Skalbykla UAB \u201eSkalba\u201c - Miesto skalbykla","description":"\u201eBaltic Swan\u201c \u2013 savitarnos skalbykla Panev\u0117\u017eyje, si\u016blanti profesionalias skalbimo, cheminio valymo, kilim\u0173 ir drabu\u017ei\u0173 prie\u017ei\u016bros paslaugas vie\u0161bu\u010diams, \u012fmon\u0117ms ir privatiems klientams.","robots":{"index":"index","follow":"follow","max-snippet":"max-snippet:-1","max-image-preview":"max-image-preview:large","max-video-preview":"max-video-preview:-1"},"canonical":"https:\/\/miestoskalbykla.lt\/lt\/skalbykla-uab-skalba\/","og_locale":"lt_LT","og_type":"article","og_title":"Skalbykla UAB \u201eSkalba\u201c - Miesto skalbykla","og_description":"\u201eBaltic Swan\u201c \u2013 savitarnos skalbykla Panev\u0117\u017eyje, si\u016blanti profesionalias skalbimo, cheminio valymo, kilim\u0173 ir drabu\u017ei\u0173 prie\u017ei\u016bros paslaugas vie\u0161bu\u010diams, \u012fmon\u0117ms ir privatiems klientams.","og_url":"https:\/\/miestoskalbykla.lt\/lt\/skalbykla-uab-skalba\/","og_site_name":"Miesto skalbykla","article_modified_time":"2025-06-18T07:44:07+00:00","twitter_card":"summary_large_image","twitter_misc":{"Est. reading time":"1 minut\u0117"},"schema":{"@context":"https:\/\/schema.org","@graph":[{"@type":"WebPage","@id":"https:\/\/miestoskalbykla.lt\/skalbykla-uab-skalba\/","url":"https:\/\/miestoskalbykla.lt\/skalbykla-uab-skalba\/","name":"Skalbykla UAB \u201eSkalba\u201c - Miesto skalbykla","isPartOf":{"@id":"https:\/\/miestoskalbykla.lt\/#website"},"datePublished":"2025-06-18T07:36:12+00:00","dateModified":"2025-06-18T07:44:07+00:00","description":"\u201eBaltic Swan\u201c \u2013 savitarnos skalbykla Panev\u0117\u017eyje, si\u016blanti profesionalias skalbimo, cheminio valymo, kilim\u0173 ir drabu\u017ei\u0173 prie\u017ei\u016bros paslaugas vie\u0161bu\u010diams, \u012fmon\u0117ms ir privatiems klientams.","breadcrumb":{"@id":"https:\/\/miestoskalbykla.lt\/skalbykla-uab-skalba\/#breadcrumb"},"inLanguage":"lt-LT","potentialAction":[{"@type":"ReadAction","target":["https:\/\/miestoskalbykla.lt\/skalbykla-uab-skalba\/"]}]},{"@type":"BreadcrumbList","@id":"https:\/\/miestoskalbykla.lt\/skalbykla-uab-skalba\/#breadcrumb","itemListElement":[{"@type":"ListItem","position":1,"name":"Home","item":"https:\/\/miestoskalbykla.lt\/"},{"@type":"ListItem","position":2,"name":"Skalbykla UAB \u201eSkalba\u201c"}]},{"@type":"WebSite","@id":"https:\/\/miestoskalbykla.lt\/#website","url":"https:\/\/miestoskalbykla.lt\/","name":"Miesto skalbykla","description":"Miesto skalbyklos Lietuvoje","publisher":{"@id":"https:\/\/miestoskalbykla.lt\/#organization"},"alternateName":"Miestoskalbykla.lt","potentialAction":[{"@type":"SearchAction","target":{"@type":"EntryPoint","urlTemplate":"https:\/\/miestoskalbykla.lt\/?s={search_term_string}"},"query-input":{"@type":"PropertyValueSpecification","valueRequired":true,"valueName":"search_term_string"}}],"inLanguage":"lt-LT"},{"@type":"Organization","@id":"https:\/\/miestoskalbykla.lt\/#organization","name":"Miesto skalbykla","url":"https:\/\/miestoskalbykla.lt\/","logo":{"@type":"ImageObject","inLanguage":"lt-LT","@id":"https:\/\/miestoskalbykla.lt\/#\/schema\/logo\/image\/","url":"https:\/\/miestoskalbykla.lt\/wp-content\/uploads\/2025\/05\/Black-Simple-Cleaning-Service-Logo.png","contentUrl":"https:\/\/miestoskalbykla.lt\/wp-content\/uploads\/2025\/05\/Black-Simple-Cleaning-Service-Logo.png","width":354,"height":25,"caption":"Miesto skalbykla"},"image":{"@id":"https:\/\/miestoskalbykla.lt\/#\/schema\/logo\/image\/"}}]}},"_links":{"self":[{"href":"https:\/\/miestoskalbykla.lt\/lt\/wp-json\/wp\/v2\/pages\/2557","targetHints":{"allow":["GET"]}}],"collection":[{"href":"https:\/\/miestoskalbykla.lt\/lt\/wp-json\/wp\/v2\/pages"}],"about":[{"href":"https:\/\/miestoskalbykla.lt\/lt\/wp-json\/wp\/v2\/types\/page"}],"author":[{"embeddable":true,"href":"https:\/\/miestoskalbykla.lt\/lt\/wp-json\/wp\/v2\/users\/1"}],"replies":[{"embeddable":true,"href":"https:\/\/miestoskalbykla.lt\/lt\/wp-json\/wp\/v2\/comments?post=2557"}],"version-history":[{"count":7,"href":"https:\/\/miestoskalbykla.lt\/lt\/wp-json\/wp\/v2\/pages\/2557\/revisions"}],"predecessor-version":[{"id":2569,"href":"https:\/\/miestoskalbykla.lt\/lt\/wp-json\/wp\/v2\/pages\/2557\/revisions\/2569"}],"wp:attachment":[{"href":"https:\/\/miestoskalbykla.lt\/lt\/wp-json\/wp\/v2\/media?parent=2557"}],"curies":[{"name":"wp","href":"https:\/\/api.w.org\/{rel}","templated":true}]}}