{"id":643,"date":"2023-03-15T12:36:32","date_gmt":"2023-03-15T12:36:32","guid":{"rendered":"https:\/\/listee-wp.dreamstechnologies.com\/?page_id=643"},"modified":"2025-06-06T12:34:59","modified_gmt":"2025-06-06T10:34:59","slug":"kontaktai","status":"publish","type":"page","link":"https:\/\/miestoskalbykla.lt\/lt\/kontaktai\/","title":{"rendered":"Kontaktai"},"content":{"rendered":"<div data-elementor-type=\"wp-page\" data-elementor-id=\"643\" class=\"elementor elementor-643\" data-elementor-post-type=\"page\">\n\t\t\t\t<div class=\"elementor-element elementor-element-ff9308d e-flex e-con-boxed e-con e-parent\" data-id=\"ff9308d\" data-element_type=\"container\" data-settings=\"{&quot;ekit_has_onepagescroll_dot&quot;:&quot;yes&quot;}\">\n\t\t\t\t\t<div class=\"e-con-inner\">\n\t\t\t\t<div class=\"elementor-element elementor-element-2dfee92 elementor-widget elementor-widget-heading\" data-id=\"2dfee92\" data-element_type=\"widget\" data-settings=\"{&quot;ekit_we_effect_on&quot;:&quot;none&quot;}\" data-widget_type=\"heading.default\">\n\t\t\t\t<div class=\"elementor-widget-container\">\n\t\t\t\t\t<h2 class=\"elementor-heading-title elementor-size-default\">Turite klausim\u0173? Susisiekite listingavimo ar reklamos klausimais<\/h2>\t\t\t\t<\/div>\n\t\t\t\t<\/div>\n\t\t\t\t\t<\/div>\n\t\t\t\t<\/div>\n\t\t<div class=\"elementor-element elementor-element-82ea335 e-flex e-con-boxed e-con e-parent\" data-id=\"82ea335\" data-element_type=\"container\" data-settings=\"{&quot;ekit_has_onepagescroll_dot&quot;:&quot;yes&quot;}\">\n\t\t\t\t\t<div class=\"e-con-inner\">\n\t\t\t\t<div class=\"elementor-element elementor-element-f155502 elementor-widget__width-initial elementor-button-align-stretch elementor-widget elementor-widget-form\" data-id=\"f155502\" data-element_type=\"widget\" data-settings=\"{&quot;step_next_label&quot;:&quot;Next&quot;,&quot;step_previous_label&quot;:&quot;Previous&quot;,&quot;button_width&quot;:&quot;100&quot;,&quot;step_type&quot;:&quot;number_text&quot;,&quot;step_icon_shape&quot;:&quot;circle&quot;,&quot;ekit_we_effect_on&quot;:&quot;none&quot;}\" data-widget_type=\"form.default\">\n\t\t\t\t<div class=\"elementor-widget-container\">\n\t\t\t\t\t\t\t<form class=\"elementor-form\" method=\"post\" name=\"New Form\" action=\"\">\n\t\t\t<input type=\"hidden\" name=\"post_id\" value=\"643\"\/>\n\t\t\t<input type=\"hidden\" name=\"form_id\" value=\"f155502\"\/>\n\t\t\t<input type=\"hidden\" name=\"referer_title\" value=\"Kontaktai - Miesto skalbykla\" \/>\n\n\t\t\t\t\t\t\t<input type=\"hidden\" name=\"queried_id\" value=\"643\"\/>\n\t\t\t\n\t\t\t<div class=\"elementor-form-fields-wrapper elementor-labels-above\">\n\t\t\t\t\t\t\t\t<div class=\"elementor-field-type-text elementor-field-group elementor-column elementor-field-group-name elementor-col-100\">\n\t\t\t\t\t\t\t\t\t\t\t\t\t<input size=\"1\" type=\"text\" name=\"form_fields[name]\" id=\"form-field-name\" class=\"elementor-field elementor-size-sm  elementor-field-textual\" placeholder=\"Vardas\">\n\t\t\t\t\t\t\t\t\t\t\t<\/div>\n\t\t\t\t\t\t\t\t<div class=\"elementor-field-type-email elementor-field-group elementor-column elementor-field-group-email elementor-col-100 elementor-field-required\">\n\t\t\t\t\t\t\t\t\t\t\t\t\t<input size=\"1\" type=\"email\" name=\"form_fields[email]\" id=\"form-field-email\" class=\"elementor-field elementor-size-sm  elementor-field-textual\" placeholder=\"El.pa\u0161tas\" required=\"required\" aria-required=\"true\">\n\t\t\t\t\t\t\t\t\t\t\t<\/div>\n\t\t\t\t\t\t\t\t<div class=\"elementor-field-type-textarea elementor-field-group elementor-column elementor-field-group-message elementor-col-100\">\n\t\t\t\t\t<textarea class=\"elementor-field-textual elementor-field  elementor-size-sm\" name=\"form_fields[message]\" id=\"form-field-message\" rows=\"4\" placeholder=\"J\u016bs\u0173 u\u017eklausa\"><\/textarea>\t\t\t\t<\/div>\n\t\t\t\t\t\t\t\t<div class=\"elementor-field-group elementor-column elementor-field-type-submit elementor-col-100 e-form__buttons\">\n\t\t\t\t\t<button class=\"elementor-button elementor-size-sm\" type=\"submit\">\n\t\t\t\t\t\t<span class=\"elementor-button-content-wrapper\">\n\t\t\t\t\t\t\t\t\t\t\t\t\t\t\t\t\t\t\t\t\t\t<span class=\"elementor-button-text\">Si\u0173sti<\/span>\n\t\t\t\t\t\t\t\t\t\t\t\t\t<\/span>\n\t\t\t\t\t<\/button>\n\t\t\t\t<\/div>\n\t\t\t<\/div>\n\t\t<input type=\"hidden\" name=\"trp-form-language\" value=\"lt\"\/><\/form>\n\t\t\t\t\t\t<\/div>\n\t\t\t\t<\/div>\n\t\t\t\t\t<\/div>\n\t\t\t\t<\/div>\n\t\t\t\t<\/div>","protected":false},"excerpt":{"rendered":"<p>Turite klausim\u0173? Susisiekite listingavimo ar reklamos klausimais<\/p>","protected":false},"author":1,"featured_media":0,"parent":0,"menu_order":0,"comment_status":"closed","ping_status":"closed","template":"elementor_header_footer","meta":{"footnotes":""},"class_list":["post-643","page","type-page","status-publish","hentry"],"yoast_head":"<!-- This site is optimized with the Yoast SEO plugin v24.9 - https:\/\/yoast.com\/wordpress\/plugins\/seo\/ -->\n<title>Kontaktai - Miesto skalbykla<\/title>\n<meta name=\"description\" content=\"Susisiekite su mumis d\u0117l bendradarbiavimo galimybi\u0173 ar informacijos patikslinimo. Mes pasiruo\u0161\u0119 pad\u0117ti j\u016bs\u0173 verslui.\" \/>\n<meta name=\"robots\" content=\"index, follow, max-snippet:-1, max-image-preview:large, max-video-preview:-1\" \/>\n<link rel=\"canonical\" href=\"https:\/\/miestoskalbykla.lt\/lt\/kontaktai\/\" \/>\n<meta property=\"og:locale\" content=\"lt_LT\" \/>\n<meta property=\"og:type\" content=\"article\" \/>\n<meta property=\"og:title\" content=\"Kontaktai - Miesto skalbykla\" \/>\n<meta property=\"og:description\" content=\"Susisiekite su mumis d\u0117l bendradarbiavimo galimybi\u0173 ar informacijos patikslinimo. Mes pasiruo\u0161\u0119 pad\u0117ti j\u016bs\u0173 verslui.\" \/>\n<meta property=\"og:url\" content=\"https:\/\/miestoskalbykla.lt\/lt\/kontaktai\/\" \/>\n<meta property=\"og:site_name\" content=\"Miesto skalbykla\" \/>\n<meta property=\"article:modified_time\" content=\"2025-06-06T10:34:59+00:00\" \/>\n<meta name=\"twitter:card\" content=\"summary_large_image\" \/>\n<meta name=\"twitter:label1\" content=\"Est. reading time\" \/>\n\t<meta name=\"twitter:data1\" content=\"1 minut\u0117\" \/>\n<script type=\"application\/ld+json\" class=\"yoast-schema-graph\">{\"@context\":\"https:\/\/schema.org\",\"@graph\":[{\"@type\":\"WebPage\",\"@id\":\"https:\/\/miestoskalbykla.lt\/kontaktai\/\",\"url\":\"https:\/\/miestoskalbykla.lt\/kontaktai\/\",\"name\":\"Kontaktai - Miesto skalbykla\",\"isPartOf\":{\"@id\":\"https:\/\/miestoskalbykla.lt\/#website\"},\"datePublished\":\"2023-03-15T12:36:32+00:00\",\"dateModified\":\"2025-06-06T10:34:59+00:00\",\"description\":\"Susisiekite su mumis d\u0117l bendradarbiavimo galimybi\u0173 ar informacijos patikslinimo. Mes pasiruo\u0161\u0119 pad\u0117ti j\u016bs\u0173 verslui.\",\"breadcrumb\":{\"@id\":\"https:\/\/miestoskalbykla.lt\/kontaktai\/#breadcrumb\"},\"inLanguage\":\"lt-LT\",\"potentialAction\":[{\"@type\":\"ReadAction\",\"target\":[\"https:\/\/miestoskalbykla.lt\/kontaktai\/\"]}]},{\"@type\":\"BreadcrumbList\",\"@id\":\"https:\/\/miestoskalbykla.lt\/kontaktai\/#breadcrumb\",\"itemListElement\":[{\"@type\":\"ListItem\",\"position\":1,\"name\":\"Home\",\"item\":\"https:\/\/miestoskalbykla.lt\/\"},{\"@type\":\"ListItem\",\"position\":2,\"name\":\"Kontaktai\"}]},{\"@type\":\"WebSite\",\"@id\":\"https:\/\/miestoskalbykla.lt\/#website\",\"url\":\"https:\/\/miestoskalbykla.lt\/\",\"name\":\"Miesto skalbykla\",\"description\":\"Miesto skalbyklos Lietuvoje\",\"publisher\":{\"@id\":\"https:\/\/miestoskalbykla.lt\/#organization\"},\"alternateName\":\"Miestoskalbykla.lt\",\"potentialAction\":[{\"@type\":\"SearchAction\",\"target\":{\"@type\":\"EntryPoint\",\"urlTemplate\":\"https:\/\/miestoskalbykla.lt\/?s={search_term_string}\"},\"query-input\":{\"@type\":\"PropertyValueSpecification\",\"valueRequired\":true,\"valueName\":\"search_term_string\"}}],\"inLanguage\":\"lt-LT\"},{\"@type\":\"Organization\",\"@id\":\"https:\/\/miestoskalbykla.lt\/#organization\",\"name\":\"Miesto skalbykla\",\"url\":\"https:\/\/miestoskalbykla.lt\/\",\"logo\":{\"@type\":\"ImageObject\",\"inLanguage\":\"lt-LT\",\"@id\":\"https:\/\/miestoskalbykla.lt\/#\/schema\/logo\/image\/\",\"url\":\"https:\/\/miestoskalbykla.lt\/wp-content\/uploads\/2025\/05\/Black-Simple-Cleaning-Service-Logo.png\",\"contentUrl\":\"https:\/\/miestoskalbykla.lt\/wp-content\/uploads\/2025\/05\/Black-Simple-Cleaning-Service-Logo.png\",\"width\":354,\"height\":25,\"caption\":\"Miesto skalbykla\"},\"image\":{\"@id\":\"https:\/\/miestoskalbykla.lt\/#\/schema\/logo\/image\/\"}}]}<\/script>\n<!-- \/ Yoast SEO plugin. -->","yoast_head_json":{"title":"Kontaktai - Miesto skalbykla","description":"Susisiekite su mumis d\u0117l bendradarbiavimo galimybi\u0173 ar informacijos patikslinimo. Mes pasiruo\u0161\u0119 pad\u0117ti j\u016bs\u0173 verslui.","robots":{"index":"index","follow":"follow","max-snippet":"max-snippet:-1","max-image-preview":"max-image-preview:large","max-video-preview":"max-video-preview:-1"},"canonical":"https:\/\/miestoskalbykla.lt\/lt\/kontaktai\/","og_locale":"lt_LT","og_type":"article","og_title":"Kontaktai - Miesto skalbykla","og_description":"Susisiekite su mumis d\u0117l bendradarbiavimo galimybi\u0173 ar informacijos patikslinimo. Mes pasiruo\u0161\u0119 pad\u0117ti j\u016bs\u0173 verslui.","og_url":"https:\/\/miestoskalbykla.lt\/lt\/kontaktai\/","og_site_name":"Miesto skalbykla","article_modified_time":"2025-06-06T10:34:59+00:00","twitter_card":"summary_large_image","twitter_misc":{"Est. reading time":"1 minut\u0117"},"schema":{"@context":"https:\/\/schema.org","@graph":[{"@type":"WebPage","@id":"https:\/\/miestoskalbykla.lt\/kontaktai\/","url":"https:\/\/miestoskalbykla.lt\/kontaktai\/","name":"Kontaktai - Miesto skalbykla","isPartOf":{"@id":"https:\/\/miestoskalbykla.lt\/#website"},"datePublished":"2023-03-15T12:36:32+00:00","dateModified":"2025-06-06T10:34:59+00:00","description":"Susisiekite su mumis d\u0117l bendradarbiavimo galimybi\u0173 ar informacijos patikslinimo. Mes pasiruo\u0161\u0119 pad\u0117ti j\u016bs\u0173 verslui.","breadcrumb":{"@id":"https:\/\/miestoskalbykla.lt\/kontaktai\/#breadcrumb"},"inLanguage":"lt-LT","potentialAction":[{"@type":"ReadAction","target":["https:\/\/miestoskalbykla.lt\/kontaktai\/"]}]},{"@type":"BreadcrumbList","@id":"https:\/\/miestoskalbykla.lt\/kontaktai\/#breadcrumb","itemListElement":[{"@type":"ListItem","position":1,"name":"Home","item":"https:\/\/miestoskalbykla.lt\/"},{"@type":"ListItem","position":2,"name":"Kontaktai"}]},{"@type":"WebSite","@id":"https:\/\/miestoskalbykla.lt\/#website","url":"https:\/\/miestoskalbykla.lt\/","name":"Miesto skalbykla","description":"Miesto skalbyklos Lietuvoje","publisher":{"@id":"https:\/\/miestoskalbykla.lt\/#organization"},"alternateName":"Miestoskalbykla.lt","potentialAction":[{"@type":"SearchAction","target":{"@type":"EntryPoint","urlTemplate":"https:\/\/miestoskalbykla.lt\/?s={search_term_string}"},"query-input":{"@type":"PropertyValueSpecification","valueRequired":true,"valueName":"search_term_string"}}],"inLanguage":"lt-LT"},{"@type":"Organization","@id":"https:\/\/miestoskalbykla.lt\/#organization","name":"Miesto skalbykla","url":"https:\/\/miestoskalbykla.lt\/","logo":{"@type":"ImageObject","inLanguage":"lt-LT","@id":"https:\/\/miestoskalbykla.lt\/#\/schema\/logo\/image\/","url":"https:\/\/miestoskalbykla.lt\/wp-content\/uploads\/2025\/05\/Black-Simple-Cleaning-Service-Logo.png","contentUrl":"https:\/\/miestoskalbykla.lt\/wp-content\/uploads\/2025\/05\/Black-Simple-Cleaning-Service-Logo.png","width":354,"height":25,"caption":"Miesto skalbykla"},"image":{"@id":"https:\/\/miestoskalbykla.lt\/#\/schema\/logo\/image\/"}}]}},"_links":{"self":[{"href":"https:\/\/miestoskalbykla.lt\/lt\/wp-json\/wp\/v2\/pages\/643","targetHints":{"allow":["GET"]}}],"collection":[{"href":"https:\/\/miestoskalbykla.lt\/lt\/wp-json\/wp\/v2\/pages"}],"about":[{"href":"https:\/\/miestoskalbykla.lt\/lt\/wp-json\/wp\/v2\/types\/page"}],"author":[{"embeddable":true,"href":"https:\/\/miestoskalbykla.lt\/lt\/wp-json\/wp\/v2\/users\/1"}],"replies":[{"embeddable":true,"href":"https:\/\/miestoskalbykla.lt\/lt\/wp-json\/wp\/v2\/comments?post=643"}],"version-history":[{"count":35,"href":"https:\/\/miestoskalbykla.lt\/lt\/wp-json\/wp\/v2\/pages\/643\/revisions"}],"predecessor-version":[{"id":2451,"href":"https:\/\/miestoskalbykla.lt\/lt\/wp-json\/wp\/v2\/pages\/643\/revisions\/2451"}],"wp:attachment":[{"href":"https:\/\/miestoskalbykla.lt\/lt\/wp-json\/wp\/v2\/media?parent=643"}],"curies":[{"name":"wp","href":"https:\/\/api.w.org\/{rel}","templated":true}]}}